{"id":5635,"date":"2023-12-04T07:32:00","date_gmt":"2023-12-04T12:32:00","guid":{"rendered":"https:\/\/shop.paulettesauve.com\/product\/ville-fluviale-irisee-iv-avec-cadre\/"},"modified":"2024-09-15T10:48:42","modified_gmt":"2024-09-15T14:48:42","slug":"ville-riviere-irisee-iv-avec-cadre","status":"publish","type":"product","link":"https:\/\/shop.paulettesauve.com\/fr\/produit\/ville-riviere-irisee-iv-avec-cadre\/","title":{"rendered":"IRIDESCENT RIVER CITY IV LE5f (avec cadre)"},"content":{"rendered":"<p>IRIDESCENT RIVER CITY IV LE5f (avec cadre)<\/p>\n","protected":false},"excerpt":{"rendered":"<h4>Photomontage, encre d\u2019archives sur papier Hahnem\u00fchle Dimensions encadr\u00e9es : 49x64cm (19&#215;25 pouces) Prix taxes incluses Cartes de cr\u00e9dit accept\u00e9es \u00e0 la caisse  <img decoding=\"async\" class=\"alignnone size-full wp-image-4280\" src=\"https:\/\/shop.paulettesauve.com\/wp-content\/uploads\/2023\/09\/P-M-Sauve_CREDIT-CARDS-ACCEPTED_1b.jpg\" alt=\"CARTES DE CR\u00c9DIT ACCEPT\u00c9ES\" width=\"265\" height=\"59\"><\/h4>\n","protected":false},"featured_media":5633,"comment_status":"closed","ping_status":"closed","template":"","meta":[],"product_brand":[],"product_cat":[94,92,197],"product_tag":[63,198],"class_list":{"0":"post-5635","1":"product","2":"type-product","3":"status-publish","4":"has-post-thumbnail","6":"product_cat-art","7":"product_cat-estampes","8":"product_cat-impressions-sur-papier-dart","9":"product_tag-art","10":"product_tag-papier-dart","12":"first","13":"instock","14":"sold-individually","15":"shipping-taxable","16":"purchasable","17":"product-type-simple"},"jetpack_sharing_enabled":true,"_links":{"self":[{"href":"https:\/\/shop.paulettesauve.com\/fr\/wp-json\/wp\/v2\/product\/5635","targetHints":{"allow":["GET"]}}],"collection":[{"href":"https:\/\/shop.paulettesauve.com\/fr\/wp-json\/wp\/v2\/product"}],"about":[{"href":"https:\/\/shop.paulettesauve.com\/fr\/wp-json\/wp\/v2\/types\/product"}],"replies":[{"embeddable":true,"href":"https:\/\/shop.paulettesauve.com\/fr\/wp-json\/wp\/v2\/comments?post=5635"}],"version-history":[{"count":6,"href":"https:\/\/shop.paulettesauve.com\/fr\/wp-json\/wp\/v2\/product\/5635\/revisions"}],"predecessor-version":[{"id":7024,"href":"https:\/\/shop.paulettesauve.com\/fr\/wp-json\/wp\/v2\/product\/5635\/revisions\/7024"}],"wp:featuredmedia":[{"embeddable":true,"href":"https:\/\/shop.paulettesauve.com\/fr\/wp-json\/wp\/v2\/media\/5633"}],"wp:attachment":[{"href":"https:\/\/shop.paulettesauve.com\/fr\/wp-json\/wp\/v2\/media?parent=5635"}],"wp:term":[{"taxonomy":"product_brand","embeddable":true,"href":"https:\/\/shop.paulettesauve.com\/fr\/wp-json\/wp\/v2\/product_brand?post=5635"},{"taxonomy":"product_cat","embeddable":true,"href":"https:\/\/shop.paulettesauve.com\/fr\/wp-json\/wp\/v2\/product_cat?post=5635"},{"taxonomy":"product_tag","embeddable":true,"href":"https:\/\/shop.paulettesauve.com\/fr\/wp-json\/wp\/v2\/product_tag?post=5635"}],"curies":[{"name":"wp","href":"https:\/\/api.w.org\/{rel}","templated":true}]}}