{"id":5130,"date":"2023-11-23T09:49:41","date_gmt":"2023-11-23T14:49:41","guid":{"rendered":"https:\/\/shop.paulettesauve.com\/product\/boite-a-lumiere-bell-de-la-rue-king-au-festival-international-du-film-de-toronto\/"},"modified":"2025-05-10T13:26:03","modified_gmt":"2025-05-10T17:26:03","slug":"king-street-bell-lightbox-at-toronto-international-film-festival","status":"publish","type":"product","link":"https:\/\/shop.paulettesauve.com\/fr\/produit\/king-street-bell-lightbox-at-toronto-international-film-festival\/","title":{"rendered":"Bo\u00eete \u00e0 lumi\u00e8re Bell de la rue King au Festival international du film de Toronto"},"content":{"rendered":"<p>Bo\u00eete \u00e0 lumi\u00e8re Bell de la rue King au Festival international du film de Toronto<\/p>\n","protected":false},"excerpt":{"rendered":"<h4>Il s\u2019agit d\u2019une tapisserie unique, tiss\u00e9e \u00e0 la main. Un certificat d\u2019authenticit\u00e9 accompagne chaque \u0153uvre d\u2019art. L\u2019artiste, r\u00e9cipiendaire d\u2019une ma\u00eetrise en beaux-arts de l\u2019Universit\u00e9 du Qu\u00e9bec \u00e0 Montr\u00e9al, expose ses \u0153uvres dans des mus\u00e9es, des collections corporatives et priv\u00e9es dans plusieurs pays.<br \/>\nTapisserie tiss\u00e9e \u00e0 la main en fils de bambou et coton. Dimensions encadr\u00e9es : 69 x 100 cm. Le prix comprend les taxes. Frais de port calcul\u00e9s \u00e0 la caisse.<\/h4>\n<p><img decoding=\"async\" class=\"alignnone size-full wp-image-4280\" src=\"https:\/\/shop.paulettesauve.com\/wp-content\/uploads\/2023\/09\/P-M-Sauve_CREDIT-CARDS-ACCEPTED_1b.jpg\" alt=\"\" width=\"265\" height=\"59\" \/><\/p>\n","protected":false},"featured_media":5128,"comment_status":"closed","ping_status":"closed","template":"","meta":[],"product_brand":[],"product_cat":[147,66],"product_tag":[148,72],"class_list":{"0":"post-5130","1":"product","2":"type-product","3":"status-publish","4":"has-post-thumbnail","6":"product_cat-cityscape-fr","7":"product_cat-tapisseries-fr","8":"product_tag-cityscape-fr","9":"product_tag-tapisseries","11":"first","12":"instock","13":"sold-individually","14":"shipping-taxable","15":"purchasable","16":"product-type-simple"},"jetpack_sharing_enabled":true,"_links":{"self":[{"href":"https:\/\/shop.paulettesauve.com\/fr\/wp-json\/wp\/v2\/product\/5130","targetHints":{"allow":["GET"]}}],"collection":[{"href":"https:\/\/shop.paulettesauve.com\/fr\/wp-json\/wp\/v2\/product"}],"about":[{"href":"https:\/\/shop.paulettesauve.com\/fr\/wp-json\/wp\/v2\/types\/product"}],"replies":[{"embeddable":true,"href":"https:\/\/shop.paulettesauve.com\/fr\/wp-json\/wp\/v2\/comments?post=5130"}],"version-history":[{"count":6,"href":"https:\/\/shop.paulettesauve.com\/fr\/wp-json\/wp\/v2\/product\/5130\/revisions"}],"predecessor-version":[{"id":7729,"href":"https:\/\/shop.paulettesauve.com\/fr\/wp-json\/wp\/v2\/product\/5130\/revisions\/7729"}],"wp:featuredmedia":[{"embeddable":true,"href":"https:\/\/shop.paulettesauve.com\/fr\/wp-json\/wp\/v2\/media\/5128"}],"wp:attachment":[{"href":"https:\/\/shop.paulettesauve.com\/fr\/wp-json\/wp\/v2\/media?parent=5130"}],"wp:term":[{"taxonomy":"product_brand","embeddable":true,"href":"https:\/\/shop.paulettesauve.com\/fr\/wp-json\/wp\/v2\/product_brand?post=5130"},{"taxonomy":"product_cat","embeddable":true,"href":"https:\/\/shop.paulettesauve.com\/fr\/wp-json\/wp\/v2\/product_cat?post=5130"},{"taxonomy":"product_tag","embeddable":true,"href":"https:\/\/shop.paulettesauve.com\/fr\/wp-json\/wp\/v2\/product_tag?post=5130"}],"curies":[{"name":"wp","href":"https:\/\/api.w.org\/{rel}","templated":true}]}}