{"id":3482,"date":"2023-11-13T09:35:36","date_gmt":"2023-11-13T14:35:36","guid":{"rendered":"https:\/\/shop.paulettesauve.com\/product\/ecritures-anciennes-encadrees\/"},"modified":"2024-09-22T12:08:42","modified_gmt":"2024-09-22T16:08:42","slug":"ecritures-anciennes-encadrees","status":"publish","type":"product","link":"https:\/\/shop.paulettesauve.com\/fr\/produit\/ecritures-anciennes-encadrees\/","title":{"rendered":"\u00c9critures anciennes LE3f (avec cadre)"},"content":{"rendered":"<p>\u00c9critures anciennes LE3f (avec cadre)<\/p>\n","protected":false},"excerpt":{"rendered":"<h4><strong>Encre d\u2019archives sur papier Hahnem\u00fchle<\/strong><strong>Joli cadre en bois (l\u2019impression est prot\u00e9g\u00e9e par du verre dans le cadre), taille&nbsp;: 38x30cm (14&#215;11 pouces)<\/strong><strong>Prix taxes comprises<\/strong><\/h4>\n<h4><strong>Cartes de cr\u00e9dit accept\u00e9es \u00e0 la caisse<\/strong><\/h4>\n<p><img decoding=\"async\" class=\"alignnone size-full wp-image-1670\" src=\"https:\/\/shop.paulettesauve.com\/wp-content\/uploads\/2023\/11\/P-M-Sauve_CREDIT-CARDS-ACCEPTED_1b.jpg\" alt=\"\" width=\"265\" height=\"59\"><\/p>\n","protected":false},"featured_media":3472,"comment_status":"closed","ping_status":"closed","template":"","meta":[],"product_brand":[],"product_cat":[94,92,197],"product_tag":[63,198],"class_list":{"0":"post-3482","1":"product","2":"type-product","3":"status-publish","4":"has-post-thumbnail","6":"product_cat-art","7":"product_cat-estampes","8":"product_cat-impressions-sur-papier-dart","9":"product_tag-art","10":"product_tag-papier-dart","12":"first","13":"instock","14":"sold-individually","15":"shipping-taxable","16":"purchasable","17":"product-type-simple"},"jetpack_sharing_enabled":true,"_links":{"self":[{"href":"https:\/\/shop.paulettesauve.com\/fr\/wp-json\/wp\/v2\/product\/3482","targetHints":{"allow":["GET"]}}],"collection":[{"href":"https:\/\/shop.paulettesauve.com\/fr\/wp-json\/wp\/v2\/product"}],"about":[{"href":"https:\/\/shop.paulettesauve.com\/fr\/wp-json\/wp\/v2\/types\/product"}],"replies":[{"embeddable":true,"href":"https:\/\/shop.paulettesauve.com\/fr\/wp-json\/wp\/v2\/comments?post=3482"}],"version-history":[{"count":14,"href":"https:\/\/shop.paulettesauve.com\/fr\/wp-json\/wp\/v2\/product\/3482\/revisions"}],"predecessor-version":[{"id":7101,"href":"https:\/\/shop.paulettesauve.com\/fr\/wp-json\/wp\/v2\/product\/3482\/revisions\/7101"}],"wp:featuredmedia":[{"embeddable":true,"href":"https:\/\/shop.paulettesauve.com\/fr\/wp-json\/wp\/v2\/media\/3472"}],"wp:attachment":[{"href":"https:\/\/shop.paulettesauve.com\/fr\/wp-json\/wp\/v2\/media?parent=3482"}],"wp:term":[{"taxonomy":"product_brand","embeddable":true,"href":"https:\/\/shop.paulettesauve.com\/fr\/wp-json\/wp\/v2\/product_brand?post=3482"},{"taxonomy":"product_cat","embeddable":true,"href":"https:\/\/shop.paulettesauve.com\/fr\/wp-json\/wp\/v2\/product_cat?post=3482"},{"taxonomy":"product_tag","embeddable":true,"href":"https:\/\/shop.paulettesauve.com\/fr\/wp-json\/wp\/v2\/product_tag?post=3482"}],"curies":[{"name":"wp","href":"https:\/\/api.w.org\/{rel}","templated":true}]}}