{"id":3294,"date":"2023-11-13T09:01:15","date_gmt":"2023-11-13T14:01:15","guid":{"rendered":"https:\/\/shop.paulettesauve.com\/product\/blue-city-iv-irise-avec-cadre\/"},"modified":"2024-09-15T10:32:49","modified_gmt":"2024-09-15T14:32:49","slug":"bleu-irise-ville-iv-avec-cadre","status":"publish","type":"product","link":"https:\/\/shop.paulettesauve.com\/fr\/produit\/bleu-irise-ville-iv-avec-cadre\/","title":{"rendered":"Bleu Iris\u00e9 City IV LE4f (avec cadre)"},"content":{"rendered":"<p>Bleu Iris\u00e9 City IV LE4f (avec cadre)  &nbsp;<\/p>\n","protected":false},"excerpt":{"rendered":"<h3>Encre d\u2019archivage sur papier Hahnem\u00fchle<\/h3>\n<h3>Dimensions du cadre (cadre noir fin, petite bordure blanche autour de l\u2019impression : 76x51cm (30&#215;20 pouces)<\/h3>\n<h3>Le prix inclut les taxes<\/h3>\n<h3>Cartes de cr\u00e9dit accept\u00e9es \u00e0 la caisse<\/h3>\n<h4><img decoding=\"async\" class=\"alignnone size-full wp-image-1670\" src=\"https:\/\/shop.paulettesauve.com\/wp-content\/uploads\/2023\/11\/P-M-Sauve_CREDIT-CARDS-ACCEPTED_1b.jpg\" alt=\"\" width=\"265\" height=\"59\"><\/h4>\n<p>&nbsp;<\/p>\n","protected":false},"featured_media":3290,"comment_status":"closed","ping_status":"closed","template":"","meta":[],"product_brand":[],"product_cat":[94,92,197],"product_tag":[63,198],"class_list":{"0":"post-3294","1":"product","2":"type-product","3":"status-publish","4":"has-post-thumbnail","6":"product_cat-art","7":"product_cat-estampes","8":"product_cat-impressions-sur-papier-dart","9":"product_tag-art","10":"product_tag-papier-dart","12":"first","13":"instock","14":"featured","15":"sold-individually","16":"shipping-taxable","17":"purchasable","18":"product-type-simple"},"jetpack_sharing_enabled":true,"_links":{"self":[{"href":"https:\/\/shop.paulettesauve.com\/fr\/wp-json\/wp\/v2\/product\/3294","targetHints":{"allow":["GET"]}}],"collection":[{"href":"https:\/\/shop.paulettesauve.com\/fr\/wp-json\/wp\/v2\/product"}],"about":[{"href":"https:\/\/shop.paulettesauve.com\/fr\/wp-json\/wp\/v2\/types\/product"}],"replies":[{"embeddable":true,"href":"https:\/\/shop.paulettesauve.com\/fr\/wp-json\/wp\/v2\/comments?post=3294"}],"version-history":[{"count":13,"href":"https:\/\/shop.paulettesauve.com\/fr\/wp-json\/wp\/v2\/product\/3294\/revisions"}],"predecessor-version":[{"id":7017,"href":"https:\/\/shop.paulettesauve.com\/fr\/wp-json\/wp\/v2\/product\/3294\/revisions\/7017"}],"wp:featuredmedia":[{"embeddable":true,"href":"https:\/\/shop.paulettesauve.com\/fr\/wp-json\/wp\/v2\/media\/3290"}],"wp:attachment":[{"href":"https:\/\/shop.paulettesauve.com\/fr\/wp-json\/wp\/v2\/media?parent=3294"}],"wp:term":[{"taxonomy":"product_brand","embeddable":true,"href":"https:\/\/shop.paulettesauve.com\/fr\/wp-json\/wp\/v2\/product_brand?post=3294"},{"taxonomy":"product_cat","embeddable":true,"href":"https:\/\/shop.paulettesauve.com\/fr\/wp-json\/wp\/v2\/product_cat?post=3294"},{"taxonomy":"product_tag","embeddable":true,"href":"https:\/\/shop.paulettesauve.com\/fr\/wp-json\/wp\/v2\/product_tag?post=3294"}],"curies":[{"name":"wp","href":"https:\/\/api.w.org\/{rel}","templated":true}]}}