{"id":2459,"date":"2023-11-09T13:29:03","date_gmt":"2023-11-09T18:29:03","guid":{"rendered":"https:\/\/shop.paulettesauve.com\/product\/le-lowney-pont-jacques-cartier-iv\/"},"modified":"2024-09-15T11:02:12","modified_gmt":"2024-09-15T15:02:12","slug":"le-lowney-pont-jacques-cartier-iv","status":"publish","type":"product","link":"https:\/\/shop.paulettesauve.com\/fr\/produit\/le-lowney-pont-jacques-cartier-iv\/","title":{"rendered":"LE LOWNEY PONT JACQUES-CARTIER IV"},"content":{"rendered":"<p>LE LOWNEY PONT JACQUES-CARTIER IV<\/p>\n","protected":false},"excerpt":{"rendered":"<h3><strong>Tirage d\u2019art &#8211; Encre d\u2019archives sur papier Hahnem\u00fchle<\/strong><strong>Taille non encadr\u00e9e : 41x79cm (16H X 31L pouces)<\/strong><\/h3>\n<h3><strong>Le prix comprend les taxes<\/strong><strong>Cartes de cr\u00e9dit accept\u00e9es \u00e0 la caisse&nbsp;:<\/strong><br \/>\n<img decoding=\"async\" class=\"alignnone size-full wp-image-1670\" src=\"https:\/\/shop.paulettesauve.com\/wp-content\/uploads\/2023\/11\/P-M-Sauve_CREDIT-CARDS-ACCEPTED_1b.jpg\" alt=\"\" width=\"265\" height=\"59\"><\/h3>\n","protected":false},"featured_media":2449,"comment_status":"closed","ping_status":"closed","template":"","meta":[],"product_brand":[],"product_cat":[94,92,197],"product_tag":[63,198],"class_list":{"0":"post-2459","1":"product","2":"type-product","3":"status-publish","4":"has-post-thumbnail","6":"product_cat-art","7":"product_cat-estampes","8":"product_cat-impressions-sur-papier-dart","9":"product_tag-art","10":"product_tag-papier-dart","12":"first","13":"instock","14":"shipping-taxable","15":"purchasable","16":"product-type-simple"},"jetpack_sharing_enabled":true,"_links":{"self":[{"href":"https:\/\/shop.paulettesauve.com\/fr\/wp-json\/wp\/v2\/product\/2459","targetHints":{"allow":["GET"]}}],"collection":[{"href":"https:\/\/shop.paulettesauve.com\/fr\/wp-json\/wp\/v2\/product"}],"about":[{"href":"https:\/\/shop.paulettesauve.com\/fr\/wp-json\/wp\/v2\/types\/product"}],"replies":[{"embeddable":true,"href":"https:\/\/shop.paulettesauve.com\/fr\/wp-json\/wp\/v2\/comments?post=2459"}],"version-history":[{"count":8,"href":"https:\/\/shop.paulettesauve.com\/fr\/wp-json\/wp\/v2\/product\/2459\/revisions"}],"predecessor-version":[{"id":7026,"href":"https:\/\/shop.paulettesauve.com\/fr\/wp-json\/wp\/v2\/product\/2459\/revisions\/7026"}],"wp:featuredmedia":[{"embeddable":true,"href":"https:\/\/shop.paulettesauve.com\/fr\/wp-json\/wp\/v2\/media\/2449"}],"wp:attachment":[{"href":"https:\/\/shop.paulettesauve.com\/fr\/wp-json\/wp\/v2\/media?parent=2459"}],"wp:term":[{"taxonomy":"product_brand","embeddable":true,"href":"https:\/\/shop.paulettesauve.com\/fr\/wp-json\/wp\/v2\/product_brand?post=2459"},{"taxonomy":"product_cat","embeddable":true,"href":"https:\/\/shop.paulettesauve.com\/fr\/wp-json\/wp\/v2\/product_cat?post=2459"},{"taxonomy":"product_tag","embeddable":true,"href":"https:\/\/shop.paulettesauve.com\/fr\/wp-json\/wp\/v2\/product_tag?post=2459"}],"curies":[{"name":"wp","href":"https:\/\/api.w.org\/{rel}","templated":true}]}}