{"id":2341,"date":"2023-11-09T13:17:07","date_gmt":"2023-11-09T18:17:07","guid":{"rendered":"https:\/\/shop.paulettesauve.com\/product\/cite-fluviale-irisee-iv\/"},"modified":"2024-09-15T10:37:37","modified_gmt":"2024-09-15T14:37:37","slug":"ville-riviere-irisee-iv","status":"publish","type":"product","link":"https:\/\/shop.paulettesauve.com\/fr\/produit\/ville-riviere-irisee-iv\/","title":{"rendered":"VILLE FLUVIALE IRIS\u00c9E IV LE2"},"content":{"rendered":"<p>VILLE FLUVIALE IRIS\u00c9E IV LE2<\/p>\n","protected":false},"excerpt":{"rendered":"<h3><strong>Encre d\u2019archivage sur papier Hahnem\u00fchle<\/strong><\/h3>\n<h3><strong>Taille non encadr\u00e9e : 46x61cm (18&#215;24 pouces)<\/strong><\/h3>\n<h3><strong>Le prix comprend les taxes<\/strong><strong>Cartes de cr\u00e9dit accept\u00e9es \u00e0 la caisse&nbsp;:<\/strong><\/h3>\n<p><img decoding=\"async\" class=\"alignnone size-full wp-image-1670\" src=\"https:\/\/shop.paulettesauve.com\/wp-content\/uploads\/2023\/11\/P-M-Sauve_CREDIT-CARDS-ACCEPTED_1b.jpg\" alt=\"\" width=\"265\" height=\"59\"><\/p>\n<p>&nbsp;<\/p>\n<p>&nbsp;<\/p>\n","protected":false},"featured_media":2337,"comment_status":"closed","ping_status":"closed","template":"","meta":[],"product_brand":[],"product_cat":[94,92,197],"product_tag":[63,198],"class_list":{"0":"post-2341","1":"product","2":"type-product","3":"status-publish","4":"has-post-thumbnail","6":"product_cat-art","7":"product_cat-estampes","8":"product_cat-impressions-sur-papier-dart","9":"product_tag-art","10":"product_tag-papier-dart","12":"first","13":"instock","14":"featured","15":"sold-individually","16":"shipping-taxable","17":"purchasable","18":"product-type-simple"},"jetpack_sharing_enabled":true,"_links":{"self":[{"href":"https:\/\/shop.paulettesauve.com\/fr\/wp-json\/wp\/v2\/product\/2341","targetHints":{"allow":["GET"]}}],"collection":[{"href":"https:\/\/shop.paulettesauve.com\/fr\/wp-json\/wp\/v2\/product"}],"about":[{"href":"https:\/\/shop.paulettesauve.com\/fr\/wp-json\/wp\/v2\/types\/product"}],"replies":[{"embeddable":true,"href":"https:\/\/shop.paulettesauve.com\/fr\/wp-json\/wp\/v2\/comments?post=2341"}],"version-history":[{"count":9,"href":"https:\/\/shop.paulettesauve.com\/fr\/wp-json\/wp\/v2\/product\/2341\/revisions"}],"predecessor-version":[{"id":7019,"href":"https:\/\/shop.paulettesauve.com\/fr\/wp-json\/wp\/v2\/product\/2341\/revisions\/7019"}],"wp:featuredmedia":[{"embeddable":true,"href":"https:\/\/shop.paulettesauve.com\/fr\/wp-json\/wp\/v2\/media\/2337"}],"wp:attachment":[{"href":"https:\/\/shop.paulettesauve.com\/fr\/wp-json\/wp\/v2\/media?parent=2341"}],"wp:term":[{"taxonomy":"product_brand","embeddable":true,"href":"https:\/\/shop.paulettesauve.com\/fr\/wp-json\/wp\/v2\/product_brand?post=2341"},{"taxonomy":"product_cat","embeddable":true,"href":"https:\/\/shop.paulettesauve.com\/fr\/wp-json\/wp\/v2\/product_cat?post=2341"},{"taxonomy":"product_tag","embeddable":true,"href":"https:\/\/shop.paulettesauve.com\/fr\/wp-json\/wp\/v2\/product_tag?post=2341"}],"curies":[{"name":"wp","href":"https:\/\/api.w.org\/{rel}","templated":true}]}}