{"id":1050,"date":"2023-10-31T09:16:25","date_gmt":"2023-10-31T13:16:25","guid":{"rendered":"https:\/\/shop.paulettesauve.com\/product\/apparition-au-lever-du-soleil\/"},"modified":"2025-05-10T13:13:38","modified_gmt":"2025-05-10T17:13:38","slug":"apparition-au-lever-du-soleil","status":"publish","type":"product","link":"https:\/\/shop.paulettesauve.com\/fr\/produit\/apparition-au-lever-du-soleil\/","title":{"rendered":"Apparition au lever du soleil"},"content":{"rendered":"<p>Apparition Au Lever Du Soleil<\/p>\n","protected":false},"excerpt":{"rendered":"<h4>Il s\u2019agit d\u2019une tapisserie unique, tiss\u00e9e \u00e0 la main. Un certificat d\u2019authenticit\u00e9 accompagne chaque \u0153uvre d\u2019art. L\u2019artiste, r\u00e9cipiendaire d\u2019une ma\u00eetrise en beaux-arts de l\u2019Universit\u00e9 du Qu\u00e9bec \u00e0 Montr\u00e9al, expose ses \u0153uvres dans des mus\u00e9es, des collections corporatives et priv\u00e9es dans plusieurs pays. Cette tapisserie est tiss\u00e9e \u00e0 la main en laine, avec une forme g\u00e9om\u00e9trique.\u00a0Les dimensions sont de 152 x 215 cm. \u00a0Quincaillerie install\u00e9e sur le dessus du support en bois. Le prix comprend les taxes. Frais de port calcul\u00e9s \u00e0 la caisse.<\/h4>\n[caption id=\"attachment_4280\" align=\"alignnone\" width=\"265\"]<img decoding=\"async\" class=\"size-full wp-image-4280\" src=\"https:\/\/shop.paulettesauve.com\/wp-content\/uploads\/2023\/09\/P-M-Sauve_CREDIT-CARDS-ACCEPTED_1b.jpg\" alt=\"CARTES DE CR\u00c9DIT ACCEPT\u00c9ES\" width=\"265\" height=\"59\" \/> Cartes de cr\u00e9dit accept\u00e9es dans PayPal[\/caption]\n","protected":false},"featured_media":1049,"comment_status":"closed","ping_status":"closed","template":"","meta":[],"product_brand":[],"product_cat":[139,66],"product_tag":[63,137,72],"class_list":{"0":"post-1050","1":"product","2":"type-product","3":"status-publish","4":"has-post-thumbnail","6":"product_cat-conceptuel","7":"product_cat-tapisseries-fr","8":"product_tag-art","9":"product_tag-conceptuel","10":"product_tag-tapisseries","12":"first","13":"instock","14":"shipping-taxable","15":"purchasable","16":"product-type-simple"},"jetpack_sharing_enabled":true,"_links":{"self":[{"href":"https:\/\/shop.paulettesauve.com\/fr\/wp-json\/wp\/v2\/product\/1050","targetHints":{"allow":["GET"]}}],"collection":[{"href":"https:\/\/shop.paulettesauve.com\/fr\/wp-json\/wp\/v2\/product"}],"about":[{"href":"https:\/\/shop.paulettesauve.com\/fr\/wp-json\/wp\/v2\/types\/product"}],"replies":[{"embeddable":true,"href":"https:\/\/shop.paulettesauve.com\/fr\/wp-json\/wp\/v2\/comments?post=1050"}],"version-history":[{"count":8,"href":"https:\/\/shop.paulettesauve.com\/fr\/wp-json\/wp\/v2\/product\/1050\/revisions"}],"predecessor-version":[{"id":7727,"href":"https:\/\/shop.paulettesauve.com\/fr\/wp-json\/wp\/v2\/product\/1050\/revisions\/7727"}],"wp:featuredmedia":[{"embeddable":true,"href":"https:\/\/shop.paulettesauve.com\/fr\/wp-json\/wp\/v2\/media\/1049"}],"wp:attachment":[{"href":"https:\/\/shop.paulettesauve.com\/fr\/wp-json\/wp\/v2\/media?parent=1050"}],"wp:term":[{"taxonomy":"product_brand","embeddable":true,"href":"https:\/\/shop.paulettesauve.com\/fr\/wp-json\/wp\/v2\/product_brand?post=1050"},{"taxonomy":"product_cat","embeddable":true,"href":"https:\/\/shop.paulettesauve.com\/fr\/wp-json\/wp\/v2\/product_cat?post=1050"},{"taxonomy":"product_tag","embeddable":true,"href":"https:\/\/shop.paulettesauve.com\/fr\/wp-json\/wp\/v2\/product_tag?post=1050"}],"curies":[{"name":"wp","href":"https:\/\/api.w.org\/{rel}","templated":true}]}}