{"id":6696,"date":"2024-08-23T17:00:24","date_gmt":"2024-08-23T21:00:24","guid":{"rendered":"https:\/\/shop.paulettesauve.com\/devis-dexpedition-demande\/"},"modified":"2024-08-23T17:01:26","modified_gmt":"2024-08-23T21:01:26","slug":"devis-dexpedition-demande","status":"publish","type":"page","link":"https:\/\/shop.paulettesauve.com\/fr\/devis-dexpedition-demande\/","title":{"rendered":"Devis d\u2019exp\u00e9dition demand\u00e9"},"content":{"rendered":"\n<p>Votre devis d\u2019exp\u00e9dition a \u00e9t\u00e9 demand\u00e9.\nVous serez averti par e-mail lorsqu\u2019il sera pr\u00eat, puis vous pourrez effectuer le paiement avec un lien sur lequel vous cliquez dans l\u2019e-mail. <\/p>\n","protected":false},"excerpt":{"rendered":"<p>Votre devis d\u2019exp\u00e9dition a \u00e9t\u00e9 demand\u00e9. Vous serez averti par e-mail lorsqu\u2019il sera pr\u00eat, puis vous pourrez effectuer le paiement avec un lien sur lequel vous cliquez dans l\u2019e-mail.<\/p>\n","protected":false},"author":1,"featured_media":0,"parent":0,"menu_order":0,"comment_status":"closed","ping_status":"closed","template":"elementor_header_footer","meta":{"footnotes":""},"class_list":["post-6696","page","type-page","status-publish","hentry"],"jetpack_sharing_enabled":true,"_links":{"self":[{"href":"https:\/\/shop.paulettesauve.com\/fr\/wp-json\/wp\/v2\/pages\/6696","targetHints":{"allow":["GET"]}}],"collection":[{"href":"https:\/\/shop.paulettesauve.com\/fr\/wp-json\/wp\/v2\/pages"}],"about":[{"href":"https:\/\/shop.paulettesauve.com\/fr\/wp-json\/wp\/v2\/types\/page"}],"author":[{"embeddable":true,"href":"https:\/\/shop.paulettesauve.com\/fr\/wp-json\/wp\/v2\/users\/1"}],"replies":[{"embeddable":true,"href":"https:\/\/shop.paulettesauve.com\/fr\/wp-json\/wp\/v2\/comments?post=6696"}],"version-history":[{"count":1,"href":"https:\/\/shop.paulettesauve.com\/fr\/wp-json\/wp\/v2\/pages\/6696\/revisions"}],"predecessor-version":[{"id":6698,"href":"https:\/\/shop.paulettesauve.com\/fr\/wp-json\/wp\/v2\/pages\/6696\/revisions\/6698"}],"wp:attachment":[{"href":"https:\/\/shop.paulettesauve.com\/fr\/wp-json\/wp\/v2\/media?parent=6696"}],"curies":[{"name":"wp","href":"https:\/\/api.w.org\/{rel}","templated":true}]}}