{"id":6217,"date":"2024-02-29T10:32:52","date_gmt":"2024-02-29T15:32:52","guid":{"rendered":"https:\/\/shop.paulettesauve.com\/elementor-6211\/"},"modified":"2024-02-29T11:05:18","modified_gmt":"2024-02-29T16:05:18","slug":"elementor-6211","status":"publish","type":"page","link":"https:\/\/shop.paulettesauve.com\/fr\/elementor-6211\/","title":{"rendered":"\u00c9l\u00e9mentor #6211"},"content":{"rendered":"\t\t<div data-elementor-type=\"wp-page\" data-elementor-id=\"6217\" class=\"elementor elementor-6217 elementor-6211\" data-elementor-post-type=\"page\">\n\t\t\t\t\t\t<section class=\"elementor-section elementor-top-section elementor-element elementor-element-070d322 elementor-section-boxed elementor-section-height-default elementor-section-height-default\" data-id=\"070d322\" data-element_type=\"section\" data-e-type=\"section\">\n\t\t\t\t\t\t<div class=\"elementor-container elementor-column-gap-default\">\n\t\t\t\t\t<div class=\"elementor-column elementor-col-100 elementor-top-column elementor-element elementor-element-3a7b771\" data-id=\"3a7b771\" data-element_type=\"column\" data-e-type=\"column\">\n\t\t\t<div class=\"elementor-widget-wrap elementor-element-populated\">\n\t\t\t\t\t\t<div class=\"elementor-element elementor-element-42daf81 elementor-widget elementor-widget-image\" data-id=\"42daf81\" data-element_type=\"widget\" data-e-type=\"widget\" data-widget_type=\"image.default\">\n\t\t\t\t<div class=\"elementor-widget-container\">\n\t\t\t\t\t\t\t\t\t\t\t\t\t\t\t<img decoding=\"async\" width=\"150\" height=\"150\" src=\"https:\/\/shop.paulettesauve.com\/wp-content\/uploads\/2024\/02\/A03a1_Paulette-Marie-Sauve_weaving-on-high-warp-loom-150x150.jpg\" class=\"attachment-thumbnail size-thumbnail wp-image-6208\" alt=\"Paulette-Marie-Sauve_weaving-sur-m\u00e9tier-\u00e0-cha\u00eene-haut\" srcset=\"https:\/\/shop.paulettesauve.com\/wp-content\/uploads\/2024\/02\/A03a1_Paulette-Marie-Sauve_weaving-on-high-warp-loom-150x150.jpg 150w, https:\/\/shop.paulettesauve.com\/wp-content\/uploads\/2024\/02\/A03a1_Paulette-Marie-Sauve_weaving-on-high-warp-loom-300x300.jpg 300w, https:\/\/shop.paulettesauve.com\/wp-content\/uploads\/2024\/02\/A03a1_Paulette-Marie-Sauve_weaving-on-high-warp-loom-100x100.jpg 100w\" sizes=\"(max-width: 150px) 100vw, 150px\" \/>\t\t\t\t\t\t\t\t\t\t\t\t\t\t\t<\/div>\n\t\t\t\t<\/div>\n\t\t\t\t<div class=\"elementor-element elementor-element-5f6de12 elementor-widget elementor-widget-heading\" data-id=\"5f6de12\" data-element_type=\"widget\" data-e-type=\"widget\" data-widget_type=\"heading.default\">\n\t\t\t\t<div class=\"elementor-widget-container\">\n\t\t\t\t\t<h2 class=\"elementor-heading-title elementor-size-default\">COUVERTURE M\u00c9DIATIQUE<\/h2>\t\t\t\t<\/div>\n\t\t\t\t<\/div>\n\t\t\t\t<div class=\"elementor-element elementor-element-540c337 elementor-widget__width-initial elementor-widget elementor-widget-text-editor\" data-id=\"540c337\" data-element_type=\"widget\" data-e-type=\"widget\" data-widget_type=\"text-editor.default\">\n\t\t\t\t<div class=\"elementor-widget-container\">\n\t\t\t\t\t\t\t\t\t<p><strong>2024<\/strong><br \/><strong>Vid\u00e9o : La conservatrice du Mus\u00e9e des beaux-arts pr\u00e9sente l\u2019art textile de Paulette-Marie Sauv\u00e9<\/strong><\/p>\n<p><strong>La commissaire de l\u2019exposition, Fr\u00e9d\u00e9rique Renaud, pr\u00e9sente l\u2019art textile de Paulette-Marie Sauv\u00e9 avec des sc\u00e8nes \u00e0 l\u2019int\u00e9rieur de l\u2019atelier de l\u2019artiste.<\/strong><br \/><strong>Vid\u00e9o film\u00e9e par Marc Lamontagne :<\/strong><\/p>\n<p><blockquote class=\"wp-embedded-content\" data-secret=\"ywjUVVGxcx\"><a href=\"https:\/\/shop.paulettesauve.com\/fr\/produit\/commissaire-video-du-musee-des-beaux-arts-presente-l-art-textile-par-paulette-marie-sauve\/\">Video : Curator of Museum of Fine Arts presents textile art by Paulette-Marie Sauve<\/a><\/blockquote><iframe class=\"wp-embedded-content\" sandbox=\"allow-scripts\" security=\"restricted\" style=\"position: absolute; clip: rect(1px, 1px, 1px, 1px);\" title=\"\u00ab\u00a0Video : Curator of Museum of Fine Arts presents textile art by Paulette-Marie Sauve\u00a0\u00bb &#8212; Paulette Sauve Online Shop\" src=\"https:\/\/shop.paulettesauve.com\/fr\/produit\/commissaire-video-du-musee-des-beaux-arts-presente-l-art-textile-par-paulette-marie-sauve\/embed\/#?secret=UJlpFusxJG#?secret=ywjUVVGxcx\" data-secret=\"ywjUVVGxcx\" width=\"600\" height=\"338\" frameborder=\"0\" marginwidth=\"0\" marginheight=\"0\" scrolling=\"no\"><\/iframe><\/p>\n<p><strong>&#8212;&#8212;&#8212;&#8212;&#8211;<\/strong><\/p>\n<p><strong>2023<\/strong><\/p>\n<p><strong>ORNAMENTUM<\/strong><br \/><strong>Paulette-Marie Sauv\u00e9 : Entrevue avec l\u2019artiste :<\/strong><br \/><a href=\"https:\/\/www.ornamentum.ca\/post\/paulette-marie-sauv%C3%A9\"><strong>https:\/\/www.ornamentum.ca\/post\/paulette-marie-sauv\u00e9<\/strong><\/a><\/p>\n<p><strong>Technique : Tapisserie, Lieu : Montr\u00e9al, Qu\u00e9bec<\/strong><br \/><strong>Paulette d\u00e9crit son travail<\/strong><br \/><strong>&#8212;&#8212;&#8212;&#8212;&#8211;<\/strong><\/p>\n<p><strong>2023<\/strong><\/p>\n<p><strong>VIE DES ARTS<\/strong><br \/><strong>Vibration sur Fibres 23. Une r\u00e9trospective des \u0153uvres de Paulette-Marie Sauv\u00e9 \u2013 Exposition<\/strong><br \/><a href=\"https:\/\/viedesarts.com\/evenements\/vibrations-sur-fibres-23-une-retrospective-des-oeuvres-de-paulette-marie-sauve\/\"><strong>https:\/\/viedesarts.com\/evenements\/vibrations-sur-fibres-23-une-retrospective-des-oeuvres-de-paulette-marie-sauve\/<\/strong><\/a><br \/><strong>&#8212;&#8212;&#8212;&#8212;&#8212;-<\/strong><\/p>\n<p><strong>2023<\/strong><\/p>\n<p><strong>LA FABRIQUE CULTURELLE<\/strong><br \/><strong>VID\u00c9O : Vibrations sur fibres 23, R\u00e9trospective du travail de l\u2019artiste de la haute lice Paulette-Marie Sauv\u00e9<\/strong><\/p>\n<p><a href=\"https:\/\/www.lafabriqueculturelle.tv\/capsules\/14620\/vibrations-sur-fibres-23-retrospective-du-travail-de-l-artiste-liciere-paulette-marie-sauve\"><strong>https:\/\/www.lafabriqueculturelle.tv\/capsules\/14620\/vibrations-sur-fibres-23-retrospective-du-travail-de-l-artiste-liciere-paulette-marie-sauve<\/strong><\/a><\/p>\n<p><strong>&#8212;&#8212;&#8212;&#8212;&#8212;&#8212;&#8211;<\/strong><\/p>\n<p><strong>2021<\/strong><\/p>\n<p><strong>REPORTAGE JOURNAL LE DEVOIR&nbsp;:<\/strong><br \/><strong>\u00ab&nbsp;Derri\u00e8re les portes des mus\u00e9es de la m\u00e9tropole&nbsp;\u00bb, 15 mai, 2021, par Marie Pasile :<\/strong><\/p>\n<p><a href=\"https:\/\/www.ledevoir.com\/culture\/arts-visuels\/600614\/derriere-les-portes-des-musees-de-la-metropole?\"><strong>https:\/\/www.ledevoir.com\/culture\/arts-visuels\/600614\/derriere-les-portes-des-musees-de-la-metropole?<\/strong><\/a><\/p>\n<p><strong>&#8212;&#8212;&#8212;&#8212;&#8212;&#8212;&#8212;&#8211;<\/strong><\/p>\n<p><strong>VID\u00c9O : 2021<\/strong><br \/><strong>Confidences sur fibres avec Paulette-Marie Sauv\u00e9 anim\u00e9e par Mireille Lacombe &#8211; 27 mai 2021, Mus\u00e9e des m\u00e9tiers d\u2019art du Qu\u00e9bec<\/strong><br \/><strong>Responsable de l\u2019action \u00e9ducative et culturelle<\/strong><br \/><a href=\"https:\/\/www.youtube.com\/watch?v=9QVz5paJPLc\"><strong>https:\/\/www.youtube.com\/watch?v=9QVz5paJPLc<\/strong><\/a><\/p>\n<p><strong>Dans le cadre des conf\u00e9rences du MUMAQ, d\u00e9couvrez l\u2019artiste tisserande Paulette-Marie Sauv\u00e9 comme jamais auparavant. Dans cet entretien in\u00e9dit, l\u2019artiste r\u00e9pond aux questions du public sur son exposition Vibrations sur fibres 21&nbsp;: R\u00e9trospective Paulette Marie Sauv\u00e9 pr\u00e9sent\u00e9e au mus\u00e9e jusqu\u2019au 20 juin.<\/strong><br \/><strong>Une entrevue intime, qui retrace plus de 45 ans de carri\u00e8re et nous en apprend plus sur la vie et l\u2019oeuvre d\u2019une artiste inspirante.<\/strong><\/p>\n<p><strong>&#8212;&#8212;&#8212;&#8212;&#8212;&#8211;<\/strong><br \/><strong>VID\u00c9O :<\/strong><br \/><strong>Entrevue avec Fran\u00e7oise Cloutier, commissaire de l\u2019exposition<\/strong><br \/><strong>Avr 19, 2021<\/strong><br \/><strong>Mus\u00e9e des m\u00e9tiers d\u2019art du Qu\u00e9bec<\/strong><br \/><a href=\"https:\/\/www.youtube.com\/watch?v=k_B1cRhoyAs\"><strong>https:\/\/www.youtube.com\/watch?v=k_B1cRhoyAs<\/strong><\/a><br \/><strong>&#8212;&#8212;&#8212;&#8212;&#8212;&#8212;&#8212;&#8212;&#8212;-<\/strong><\/p>\n<p><strong>VID\u00c9O :<\/strong><br \/><strong>Entrevue d\u2019introduction au travail de Paulette-Marie Sauv\u00e9.<\/strong><br \/><strong>Introduction &#8211; 19 avr. 2021<\/strong><br \/><strong>Mus\u00e9e des m\u00e9tiers d\u2019art du Qu\u00e9bec<\/strong><br \/><a href=\"https:\/\/www.youtube.com\/watch?v=q3Tunj4WcJI&amp;t=7s\"><strong>https:\/\/www.youtube.com\/watch?v=q3Tunj4WcJI&amp;t=7s<\/strong><\/a><br \/><strong>&#8212;&#8212;&#8212;&#8212;&#8212;&#8212;&#8212;-<\/strong><br \/><strong>VID\u00c9O :<\/strong><br \/><strong>Nouvelles technologies<\/strong><br \/><strong>Avr 19, 2021<\/strong><br \/><strong>Mus\u00e9e des m\u00e9tiers d\u2019art du Qu\u00e9bec<\/strong><br \/><a href=\"https:\/\/www.youtube.com\/watch?v=qPQbMAgRmLA\"><strong>https:\/\/www.youtube.com\/watch?v=qPQbMAgRmLA<\/strong><\/a><br \/><strong>&#8212;&#8212;&#8212;&#8212;&#8212;&#8212;&#8212;&#8212;&#8212;&#8212;&#8212;&#8212;<\/strong><\/p>\n<p><strong>VID\u00c9O :<\/strong><br \/><strong>Vision sup\u00e9rieure \/ Au-Del\u00e0<\/strong><br \/><strong>19 avr. 2021 &#8211; Mus\u00e9e des m\u00e9tiers d\u2019art du Qu\u00e9bec<\/strong><br \/><strong>1 minute 12 secondes :<\/strong><br \/><a href=\"https:\/\/www.youtube.com\/watch?v=bvtroGd_OLM\"><strong>https:\/\/www.youtube.com\/watch?v=bvtroGd_OLM<\/strong><\/a><\/p>\n<p><strong>&#8212;&#8212;&#8212;&#8212;&#8212;&#8212;&#8212;&#8212;&#8212;&#8212;&#8212;&#8212;<\/strong><br \/><strong>VID\u00c9O :<\/strong><br \/><strong>Mutation, une oeuvre qui voyage<\/strong><br \/><strong>Avr 19, 2021<\/strong><br \/><strong>Mus\u00e9e des m\u00e9tiers d\u2019art du Qu\u00e9bec<\/strong><br \/><a href=\"https:\/\/www.youtube.com\/watch?v=ciQbaqF3f8E\"><strong>https:\/\/www.youtube.com\/watch?v=ciQbaqF3f8E<\/strong><\/a><br \/><strong>&#8212;&#8212;&#8212;&#8212;&#8212;&#8212;&#8212;&#8212;&#8212;&#8212;-<\/strong><br \/><strong>VID\u00c9O :<\/strong><br \/><strong>Vernissage virtuel de l\u2019exposition Vibrations sur fibres 21 : R\u00e9trospective Paulette-Marie Sauv\u00e9<\/strong><br \/><strong>Avr 22, 2021<\/strong><br \/><strong>Mus\u00e9e des m\u00e9tiers d\u2019art du Qu\u00e9bec<\/strong><br \/><strong>Enregistrement du 15 avril 2021.<\/strong><br \/><a href=\"https:\/\/www.youtube.com\/watch?v=ldfJTX7CDpY\"><strong>https:\/\/www.youtube.com\/watch?v=ldfJTX7CDpY<\/strong><\/a><br \/><strong>&#8212;&#8212;&#8212;&#8212;&#8212;&#8212;&#8212;-<\/strong><\/p>\n<p><strong>REPORTAGE:<\/strong><br \/><strong>Site web de : Le Contrecourant.com 13\/04\/2021<\/strong><br \/><strong>Le MUMAQ pr\u00e9sente une r\u00e9trospective de la Calixoise d\u2019adoption, Paulette-Marie Sauv\u00e9<\/strong><br \/><strong>https:\/\/lecontrecourant.ca\/2021\/04\/13\/mumaq-presente-retrospective-de-calixoise-dadoption-paulette-marie-sauve\/<\/strong><br \/><strong>Le MUMAQ pr\u00e9sente une r\u00e9trospective de la Calixoise d\u2019adoption, Paulette-Marie Sauv\u00e9<\/strong><\/p>\n<p><strong>Vous trouverez plus de d\u00e9tails sur sa biographie et ses expositions ici :<\/strong><\/p>\n<p><a href=\"https:\/\/shop.paulettesauve.com\/elementor-5713\/\"><strong>https:\/\/shop.paulettesauve.com\/elementor-5713\/<\/strong><\/a><\/p>\n<p><strong>Vous trouverez plus de d\u00e9tails sur ses \u0153uvres et sa couverture m\u00e9diatique ici : https:\/\/www.paulettesauve.com<\/strong><\/p>\n\t\t\t\t\t\t\t\t<\/div>\n\t\t\t\t<\/div>\n\t\t\t\t<section class=\"elementor-section elementor-inner-section elementor-element elementor-element-6fcd419 elementor-section-boxed elementor-section-height-default elementor-section-height-default\" data-id=\"6fcd419\" data-element_type=\"section\" data-e-type=\"section\">\n\t\t\t\t\t\t<div class=\"elementor-container elementor-column-gap-default\">\n\t\t\t\t\t<div class=\"elementor-column elementor-col-100 elementor-inner-column elementor-element elementor-element-75f7ade\" data-id=\"75f7ade\" data-element_type=\"column\" data-e-type=\"column\">\n\t\t\t<div class=\"elementor-widget-wrap\">\n\t\t\t\t\t\t\t<\/div>\n\t\t<\/div>\n\t\t\t\t\t<\/div>\n\t\t<\/section>\n\t\t\t\t\t<\/div>\n\t\t<\/div>\n\t\t\t\t\t<\/div>\n\t\t<\/section>\n\t\t\t\t<\/div>\n\t\t","protected":false},"excerpt":{"rendered":"<p>COUVERTURE M\u00c9DIATIQUE 2024Vid\u00e9o : La conservatrice du Mus\u00e9e des beaux-arts pr\u00e9sente l\u2019art textile de Paulette-Marie Sauv\u00e9 La commissaire de l\u2019exposition, Fr\u00e9d\u00e9rique Renaud, pr\u00e9sente l\u2019art textile de Paulette-Marie Sauv\u00e9 avec des sc\u00e8nes \u00e0 l\u2019int\u00e9rieur de l\u2019atelier de l\u2019artiste.Vid\u00e9o film\u00e9e par Marc Lamontagne : Video : Curator of Museum of Fine Arts presents textile art by Paulette-Marie [&hellip;]<\/p>\n","protected":false},"author":2,"featured_media":0,"parent":0,"menu_order":0,"comment_status":"closed","ping_status":"closed","template":"","meta":{"footnotes":""},"class_list":["post-6217","page","type-page","status-publish","hentry"],"jetpack_sharing_enabled":true,"_links":{"self":[{"href":"https:\/\/shop.paulettesauve.com\/fr\/wp-json\/wp\/v2\/pages\/6217","targetHints":{"allow":["GET"]}}],"collection":[{"href":"https:\/\/shop.paulettesauve.com\/fr\/wp-json\/wp\/v2\/pages"}],"about":[{"href":"https:\/\/shop.paulettesauve.com\/fr\/wp-json\/wp\/v2\/types\/page"}],"author":[{"embeddable":true,"href":"https:\/\/shop.paulettesauve.com\/fr\/wp-json\/wp\/v2\/users\/2"}],"replies":[{"embeddable":true,"href":"https:\/\/shop.paulettesauve.com\/fr\/wp-json\/wp\/v2\/comments?post=6217"}],"version-history":[{"count":4,"href":"https:\/\/shop.paulettesauve.com\/fr\/wp-json\/wp\/v2\/pages\/6217\/revisions"}],"predecessor-version":[{"id":6236,"href":"https:\/\/shop.paulettesauve.com\/fr\/wp-json\/wp\/v2\/pages\/6217\/revisions\/6236"}],"wp:attachment":[{"href":"https:\/\/shop.paulettesauve.com\/fr\/wp-json\/wp\/v2\/media?parent=6217"}],"curies":[{"name":"wp","href":"https:\/\/api.w.org\/{rel}","templated":true}]}}